{"id":2807,"date":"2024-07-25T10:32:49","date_gmt":"2024-07-25T10:32:49","guid":{"rendered":"http:\/\/www.flyhukuk.com\/?page_id=2807"},"modified":"2024-07-25T10:51:18","modified_gmt":"2024-07-25T10:51:18","slug":"cerez-politikasi","status":"publish","type":"page","link":"https:\/\/www.flyhukuk.com\/?page_id=2807","title":{"rendered":"\u00c7erez Politikas\u0131"},"content":{"rendered":"<p>[vc_row content_width=&#8221;grid&#8221; triangle_shape=&#8221;no&#8221;][vc_column][vc_column_text]<strong>\u00c7erez Politikas\u0131 Metni<\/strong><\/p>\n<p><strong>FLY HUKUK<\/strong> olarak, internet sitemizden en verimli \u015fekilde faydalanabilmeniz ve kullan\u0131c\u0131 deneyiminizi geli\u015ftirebilmek i\u00e7in \u00c7erez (\u0130ngilizce: \u201c<em>Cookie<\/em>\u201d) kullan\u0131yoruz. \u00c7erez kullan\u0131lmas\u0131n\u0131 tercih etmezseniz, internet taray\u0131c\u0131n\u0131z\u0131n ayarlar\u0131ndan \u00c7erez\u2019leri silebilir ya da engelleyebilirsiniz. Ancak bunun internet sitemizi kullan\u0131m\u0131n\u0131z\u0131 etkileyebilece\u011fini hat\u0131rlatmak isteriz.<\/p>\n<p>Ki\u015fisel verileriniz ve nas\u0131l i\u015flendi\u011fi hakk\u0131nda ayd\u0131nlatma metnimiz i\u00e7in <a href=\"http:\/\/www.flyhukuk.com\/?page_id=2816\">t\u0131klay\u0131n\u0131z.<\/a><\/p>\n<p><strong>\u0130nternet Sitemizde Kullan\u0131lan \u00c7erez T\u00fcrleri<br \/>\n<\/strong><\/p>\n<p><strong>Oturum \u00c7erezleri<\/strong><\/p>\n<p><strong>(\u0130ngilizce: \u201c<em>Session Cookies<\/em>\u201d)<br \/>\n<\/strong><\/p>\n<p>Oturum \u00e7erezleri ziyaret\u00e7ilerimizin \u0130nternet Sitesini ziyaretleri s\u00fcresince kullan\u0131lan, taray\u0131c\u0131 kapat\u0131ld\u0131ktan sonra silinen ge\u00e7ici \u00e7erezlerdir.<\/p>\n<p><strong>Bu t\u00fcr \u00e7erezlerin kullan\u0131lmas\u0131n\u0131n temel amac\u0131 ziyaretiniz s\u00fcresince \u0130nternet Sitesinin d\u00fczg\u00fcn bir bi\u00e7imde \u00e7al\u0131\u015fmas\u0131n\u0131n teminini sa\u011flamakt\u0131r.<br \/>\n<\/strong><\/p>\n<p><strong>Kal\u0131c\u0131 \u00c7erezler<\/strong><\/p>\n<p><strong>(\u0130ngilizce: \u201c<em>Permanant Cookies<\/em>\u201d)<br \/>\n<\/strong><\/p>\n<p>Kal\u0131c\u0131 \u00e7erezler \u0130nternet Sitesinin i\u015flevselli\u011fini art\u0131rmak, ziyaret\u00e7ilerimize daha h\u0131zl\u0131 ve iyi bir hizmet sunmak amac\u0131yla kullan\u0131lan \u00e7erez t\u00fcrleridir.<\/p>\n<p>Bu t\u00fcr \u00e7erezler tercihlerinizi hat\u0131rlamak i\u00e7in kullan\u0131l\u0131r ve taray\u0131c\u0131lar vas\u0131tas\u0131yla cihaz\u0131n\u0131zda depolan\u0131r.<\/p>\n<p>Kal\u0131c\u0131 \u00e7erezlerin baz\u0131 t\u00fcrleri; \u0130nternet Sitesini kullan\u0131m amac\u0131n\u0131z gibi hususlar g\u00f6z \u00f6n\u00fcnde bulundurarak sizlere \u00f6zel \u00f6neriler sunulmas\u0131 i\u00e7in kullan\u0131labilmektedir.<\/p>\n<p><strong>Kal\u0131c\u0131 \u00e7erezler sayesinde \u0130nternet Sitemizi ayn\u0131 cihazla tekrardan ziyaret etmeniz durumunda, cihaz\u0131n\u0131zda \u0130nternet Sitemiz taraf\u0131ndan olu\u015fturulmu\u015f bir \u00e7erez olup olmad\u0131\u011f\u0131 kontrol edilir ve var ise, sizin siteyi daha \u00f6nce ziyaret etti\u011finiz anla\u015f\u0131l\u0131r ve size iletilecek i\u00e7erik bu do\u011frultuda belirlenir ve b\u00f6ylelikle sizlere daha iyi bir hizmet sunulur.<br \/>\n<\/strong><\/p>\n<p><strong>Analitik \u00c7erezler<br \/>\n<\/strong><strong>(\u0130ngilizce: <em>Analytical Cookies<\/em>)<\/strong><\/p>\n<p>Analitik \u00e7erezler ile internet sitesini ziyaret edenlerin say\u0131lar\u0131, internet sitesinde g\u00f6r\u00fcnt\u00fclenen sayfalar\u0131n tespiti, internet sitesi ziyaret saatleri, internet sitesi sayfalar\u0131 kayd\u0131rma hareketleri gibi analitik sonu\u00e7lar\u0131n \u00fcretimini sa\u011flayan \u00e7erezlerdir.<\/p>\n<p><strong>\u00a0<\/strong>[\/vc_column_text][\/vc_column][\/vc_row]<\/p>\n","protected":false},"excerpt":{"rendered":"<p>[vc_row content_width=&#8221;grid&#8221; triangle_shape=&#8221;no&#8221;][vc_column][vc_column_text]\u00c7erez Politikas\u0131 Metni FLY HUKUK olarak, internet sitemizden en verimli \u015fekilde faydalanabilmeniz ve kullan\u0131c\u0131 deneyiminizi geli\u015ftirebilmek i\u00e7in \u00c7erez (\u0130ngilizce: \u201cCookie\u201d) kullan\u0131yoruz. \u00c7erez kullan\u0131lmas\u0131n\u0131 tercih etmezseniz, internet taray\u0131c\u0131n\u0131z\u0131n ayarlar\u0131ndan \u00c7erez\u2019leri silebilir ya da engelleyebilirsiniz. Ancak bunun internet sitemizi kullan\u0131m\u0131n\u0131z\u0131 etkileyebilece\u011fini hat\u0131rlatmak isteriz. Ki\u015fisel verileriniz ve nas\u0131l i\u015flendi\u011fi hakk\u0131nda ayd\u0131nlatma metnimiz i\u00e7in t\u0131klay\u0131n\u0131z. \u0130nternet Sitemizde Kullan\u0131lan \u00c7erez T\u00fcrleri Oturum \u00c7erezleri (\u0130ngilizce: \u201cSession Cookies\u201d) Oturum \u00e7erezleri ziyaret\u00e7ilerimizin \u0130nternet Sitesini ziyaretleri s\u00fcresince kullan\u0131lan, taray\u0131c\u0131 kapat\u0131ld\u0131ktan sonra silinen ge\u00e7ici \u00e7erezlerdir. Bu t\u00fcr \u00e7erezlerin kullan\u0131lmas\u0131n\u0131n temel amac\u0131 ziyaretiniz s\u00fcresince \u0130nternet Sitesinin d\u00fczg\u00fcn bir bi\u00e7imde \u00e7al\u0131\u015fmas\u0131n\u0131n teminini sa\u011flamakt\u0131r. Kal\u0131c\u0131 \u00c7erezler (\u0130ngilizce: \u201cPermanant Cookies\u201d) Kal\u0131c\u0131 \u00e7erezler&#8230;<\/p>\n","protected":false},"author":1,"featured_media":0,"parent":0,"menu_order":0,"comment_status":"closed","ping_status":"closed","template":"full-width.php","meta":{"footnotes":""},"class_list":["post-2807","page","type-page","status-publish","hentry"],"_links":{"self":[{"href":"https:\/\/www.flyhukuk.com\/index.php?rest_route=\/wp\/v2\/pages\/2807"}],"collection":[{"href":"https:\/\/www.flyhukuk.com\/index.php?rest_route=\/wp\/v2\/pages"}],"about":[{"href":"https:\/\/www.flyhukuk.com\/index.php?rest_route=\/wp\/v2\/types\/page"}],"author":[{"embeddable":true,"href":"https:\/\/www.flyhukuk.com\/index.php?rest_route=\/wp\/v2\/users\/1"}],"replies":[{"embeddable":true,"href":"https:\/\/www.flyhukuk.com\/index.php?rest_route=%2Fwp%2Fv2%2Fcomments&post=2807"}],"version-history":[{"count":9,"href":"https:\/\/www.flyhukuk.com\/index.php?rest_route=\/wp\/v2\/pages\/2807\/revisions"}],"predecessor-version":[{"id":2833,"href":"https:\/\/www.flyhukuk.com\/index.php?rest_route=\/wp\/v2\/pages\/2807\/revisions\/2833"}],"wp:attachment":[{"href":"https:\/\/www.flyhukuk.com\/index.php?rest_route=%2Fwp%2Fv2%2Fmedia&parent=2807"}],"curies":[{"name":"wp","href":"https:\/\/api.w.org\/{rel}","templated":true}]}}