{"id":1677,"date":"2015-11-25T11:41:10","date_gmt":"2015-11-25T11:41:10","guid":{"rendered":"http:\/\/libero.mikado-themes.com\/?page_id=1677"},"modified":"2021-10-28T16:49:38","modified_gmt":"2021-10-28T16:49:38","slug":"title-with-icon","status":"publish","type":"page","link":"https:\/\/www.flyhukuk.com\/?page_id=1677","title":{"rendered":"HAKKIMIZDA"},"content":{"rendered":"<p>[vc_row content_width=&#8221;grid&#8221; triangle_shape=&#8221;no&#8221; css=&#8221;.vc_custom_1447926565788{padding-top: 70px !important;}&#8221;][vc_column offset=&#8221;vc_col-lg-9 vc_col-md-12&#8243;][vc_column_text]\n<span class=\"mkd-dropcaps mkd-normal\" style=\"color: #c18f59\">\n\tG<\/span>er\u00e7ek ki\u015fi ve t\u00fczel ki\u015filere hizmet veren b\u00fcromuz, alan\u0131nda uzman kadrosu ile hem dan\u0131\u015fmanl\u0131k hem de dava takibi hizmetleri sunmaktad\u0131r.FLY Hukuk B\u00fcrosu m\u00fcvekkilerine g\u00fcvenilir, h\u0131zl\u0131, etkin ve kaliteli hizmet vermekte, bir\u00e7ok ticari kuruma avukatl\u0131k ve dan\u0131\u015fmanl\u0131k yapmaktad\u0131rlar.<br \/>\nMesleki bilgi, birikim ve tecr\u00fcbesiyle her hukuk alan\u0131nda mevzuata hakim olan ekibimiz, mahkeme i\u00e7tihatlar\u0131n\u0131 ve doktrini yak\u0131ndan takip ederek ger\u00e7ek ve t\u00fczel ki\u015fi m\u00fcvekkillerimize her daim ula\u015f\u0131labilir ve en h\u0131zl\u0131 \u015fekilde hukuk ve dan\u0131\u015fmanl\u0131k hizmeti vermektedir.[\/vc_column_text][vc_empty_space height=&#8221;45px&#8221;][vc_column_text][\/vc_column_text]\n<blockquote class=\"mkd-blockquote-shortcode\"  >\n\t<span class=\"mkd-icon-quotations-holder\" >\n\t\t<span aria-hidden=\"true\" class=\"mkd-icon-font-elegant icon_quotations \" ><\/span>\t<\/span>\n\t<h2 class=\"mkd-blockquote-text\" >\n\t<span>V\u0130ZYONUMUZ<\/span>\n\t<\/h2>\n<\/blockquote>[vc_empty_space height=&#8221;25px&#8221;][vc_column_text]<\/p>\n<p style=\"text-align: center;\">Adil ve eri\u015filebilir hukuk sistemi i\u00e7in ofisimizde bulunan deneyimli ve bilgi sahibi avukatlar\u0131m\u0131zla birlikte gen\u00e7 ve idealist hukuk\u00e7ular\u0131m\u0131z\u0131 meslek hayatlar\u0131nda destekleyerek ulusal ve uluslararas\u0131 hukukta m\u00fcvekkillerimizin soru ve sorunlar\u0131na kar\u015f\u0131 \u00e7\u00f6z\u00fcm odakl\u0131, en k\u0131sa s\u00fcreyi g\u00f6zeterek ve ba\u015far\u0131l\u0131 \u015fekilde hukuk ve dan\u0131\u015fmanl\u0131k hizmetlerini y\u00f6netmektedir.<\/p>\n<p>[\/vc_column_text][vc_empty_space height=&#8221;25px&#8221;]\n<blockquote class=\"mkd-blockquote-shortcode\"  >\n\t<span class=\"mkd-icon-quotations-holder\" >\n\t\t<span aria-hidden=\"true\" class=\"mkd-icon-font-elegant icon_quotations \" ><\/span>\t<\/span>\n\t<h2 class=\"mkd-blockquote-text\" >\n\t<span>M\u0130SYONUMUZ<\/span>\n\t<\/h2>\n<\/blockquote>[vc_empty_space height=&#8221;25px&#8221;][vc_column_text]<\/p>\n<p style=\"text-align: center;\">Ulusal ve uluslararas\u0131 hukukta, ger\u00e7ek ve t\u00fczel ki\u015filerin her t\u00fcrl\u00fc hukuki hizmet ve dan\u0131\u015fmanl\u0131k hizmeti vererek , hizmetlerin her ad\u0131m\u0131n\u0131 titizlikle takip ederek uyu\u015fmazl\u0131klar\u0131 h\u0131zl\u0131 ve en etkili bi\u00e7imde \u00e7\u00f6z\u00fcme ula\u015ft\u0131rmak ve m\u00fcvekkillerimizle kar\u015f\u0131l\u0131kl\u0131 g\u00fcven ve ileti\u015fim halinde olmay\u0131 ama\u00e7 edinmi\u015f , bu do\u011frultuda her zaman ara\u015ft\u0131rmac\u0131 ve yenili\u011fe a\u00e7\u0131k, s\u00fcrekli de\u011fi\u015fen g\u00fcncel meseleleri takip halinde olan bir hukuk b\u00fcrosu olarak bug\u00fcn, yar\u0131n ve gelecek i\u00e7in daha fazla bilgi ve tecr\u00fcbeyle ki\u015filere hukuki hizmet ve dan\u0131\u015fmanl\u0131k verme prensibini benimsemi\u015ftir.<\/p>\n<p>[\/vc_column_text][vc_empty_space height=&#8221;25px&#8221;][\/vc_column][vc_column width=&#8221;1\/2&#8243; offset=&#8221;vc_col-lg-offset-0 vc_col-lg-3 vc_col-md-offset-3 vc_col-md-6 vc_col-sm-offset-3&#8243;][vc_widget_sidebar sidebar_id=&#8221;page-sidebar&#8221;][vc_empty_space height=&#8221;70px&#8221;][\/vc_column][\/vc_row]<\/p>\n","protected":false},"excerpt":{"rendered":"<p>[vc_row content_width=&#8221;grid&#8221; triangle_shape=&#8221;no&#8221; css=&#8221;.vc_custom_1447926565788{padding-top: 70px !important;}&#8221;][vc_column offset=&#8221;vc_col-lg-9 vc_col-md-12&#8243;][vc_column_text]er\u00e7ek ki\u015fi ve t\u00fczel ki\u015filere hizmet veren b\u00fcromuz, alan\u0131nda uzman kadrosu ile hem dan\u0131\u015fmanl\u0131k hem de dava takibi hizmetleri sunmaktad\u0131r.FLY Hukuk B\u00fcrosu m\u00fcvekkilerine g\u00fcvenilir, h\u0131zl\u0131, etkin ve kaliteli hizmet vermekte, bir\u00e7ok ticari kuruma avukatl\u0131k ve dan\u0131\u015fmanl\u0131k yapmaktad\u0131rlar. Mesleki bilgi, birikim ve tecr\u00fcbesiyle her hukuk alan\u0131nda mevzuata hakim olan ekibimiz, mahkeme i\u00e7tihatlar\u0131n\u0131 ve doktrini yak\u0131ndan takip ederek ger\u00e7ek ve t\u00fczel ki\u015fi m\u00fcvekkillerimize her daim ula\u015f\u0131labilir ve en h\u0131zl\u0131 \u015fekilde hukuk ve dan\u0131\u015fmanl\u0131k hizmeti vermektedir.[\/vc_column_text][vc_empty_space height=&#8221;45px&#8221;][vc_column_text][\/vc_column_text][vc_empty_space height=&#8221;25px&#8221;][vc_column_text] Adil ve eri\u015filebilir hukuk sistemi i\u00e7in ofisimizde bulunan deneyimli ve bilgi sahibi avukatlar\u0131m\u0131zla birlikte gen\u00e7 ve idealist hukuk\u00e7ular\u0131m\u0131z\u0131&#8230;<\/p>\n","protected":false},"author":1,"featured_media":0,"parent":0,"menu_order":0,"comment_status":"closed","ping_status":"closed","template":"full-width.php","meta":{"footnotes":""},"class_list":["post-1677","page","type-page","status-publish","hentry"],"_links":{"self":[{"href":"https:\/\/www.flyhukuk.com\/index.php?rest_route=\/wp\/v2\/pages\/1677"}],"collection":[{"href":"https:\/\/www.flyhukuk.com\/index.php?rest_route=\/wp\/v2\/pages"}],"about":[{"href":"https:\/\/www.flyhukuk.com\/index.php?rest_route=\/wp\/v2\/types\/page"}],"author":[{"embeddable":true,"href":"https:\/\/www.flyhukuk.com\/index.php?rest_route=\/wp\/v2\/users\/1"}],"replies":[{"embeddable":true,"href":"https:\/\/www.flyhukuk.com\/index.php?rest_route=%2Fwp%2Fv2%2Fcomments&post=1677"}],"version-history":[{"count":3,"href":"https:\/\/www.flyhukuk.com\/index.php?rest_route=\/wp\/v2\/pages\/1677\/revisions"}],"predecessor-version":[{"id":2799,"href":"https:\/\/www.flyhukuk.com\/index.php?rest_route=\/wp\/v2\/pages\/1677\/revisions\/2799"}],"wp:attachment":[{"href":"https:\/\/www.flyhukuk.com\/index.php?rest_route=%2Fwp%2Fv2%2Fmedia&parent=1677"}],"curies":[{"name":"wp","href":"https:\/\/api.w.org\/{rel}","templated":true}]}}